{"id":529,"date":"2023-02-20T13:21:54","date_gmt":"2023-02-20T12:21:54","guid":{"rendered":"https:\/\/stz.com.hr\/webshop\/?post_type=product&#038;p=529"},"modified":"2023-10-25T11:39:36","modified_gmt":"2023-10-25T09:39:36","slug":"ajax-spacecontrol-wh","status":"publish","type":"product","link":"https:\/\/stz.com.hr\/webshop\/proizvod\/ajax-spacecontrol-wh\/","title":{"rendered":"AJAX SpaceControl WH"},"content":{"rendered":"<p>Tehnologija: Be\u017ei\u010dna<\/p>\n<p>Be\u017ei\u010dna frekvencija: 868Mhz<\/p>\n<p>Be\u017ei\u010dna komunikacija: Dvosmjerna<\/p>\n<p>Na\u010din prikaza: LED<\/p>\n<p>Napajanje: Baterijsko, 1 x 3V tipCR-2032<\/p>\n<p>Dimenzije: 65 x 37 x 10 mm<\/p>\n<p>Br.podr\u017eanih particija: 1<\/p>\n<p>Broj zasebnih alarmnih tipki: 4<\/p>\n<p>Te\u017eina: 15g<\/p>\n<div id=\"quickTabs\" class=\"productTabs ui-tabs ui-corner-all ui-widget ui-widget-content\" data-ajaxenabled=\"false\" data-productreviewsaddnewurl=\"\/ProductTab\/ProductReviewsTabAddNew\/5434\" data-productcontactusurl=\"\/ProductTab\/ProductContactUsTabAddNew\/5434\" data-couldnotloadtaberrormessage=\"Gre\u0161ka pri pokretanju. Poku\u0161ajte ponovo.\">\n<div class=\"productTabs-body\">\n<div id=\"quickTab-description\" class=\"ui-tabs-panel ui-corner-bottom ui-widget-content\" role=\"tabpanel\" aria-labelledby=\"ui-id-1\" aria-hidden=\"false\"><\/div>\n<\/div>\n<\/div>\n<div class=\"also-purchased-products-grid product-grid\">\n<div class=\"block-title__underline o-heading-delta\"><\/div>\n<\/div>\n","protected":false},"excerpt":{"rendered":"<p>Be\u017ei\u010dni daljinski upravlja\u010d s 4 funkcijske tipke.<\/p>\n","protected":false},"featured_media":561,"template":"","meta":[],"product_cat":[23,31],"product_tag":[],"class_list":["post-529","product","type-product","status-publish","has-post-thumbnail","hentry","product_cat-protuprovala","product_cat-pribor-protuprovala"],"_links":{"self":[{"href":"https:\/\/stz.com.hr\/webshop\/wp-json\/wp\/v2\/product\/529","targetHints":{"allow":["GET"]}}],"collection":[{"href":"https:\/\/stz.com.hr\/webshop\/wp-json\/wp\/v2\/product"}],"about":[{"href":"https:\/\/stz.com.hr\/webshop\/wp-json\/wp\/v2\/types\/product"}],"wp:featuredmedia":[{"embeddable":true,"href":"https:\/\/stz.com.hr\/webshop\/wp-json\/wp\/v2\/media\/561"}],"wp:attachment":[{"href":"https:\/\/stz.com.hr\/webshop\/wp-json\/wp\/v2\/media?parent=529"}],"wp:term":[{"taxonomy":"product_cat","embeddable":true,"href":"https:\/\/stz.com.hr\/webshop\/wp-json\/wp\/v2\/product_cat?post=529"},{"taxonomy":"product_tag","embeddable":true,"href":"https:\/\/stz.com.hr\/webshop\/wp-json\/wp\/v2\/product_tag?post=529"}],"curies":[{"name":"wp","href":"https:\/\/api.w.org\/{rel}","templated":true}]}}