{"id":405,"date":"2023-02-03T11:00:31","date_gmt":"2023-02-03T10:00:31","guid":{"rendered":"https:\/\/stz.com.hr\/webshop\/?post_type=product&#038;p=405"},"modified":"2025-03-06T12:32:28","modified_gmt":"2025-03-06T11:32:28","slug":"stupni-nosac-hikvision-ds-1475zj-sus","status":"publish","type":"product","link":"https:\/\/stz.com.hr\/webshop\/proizvod\/stupni-nosac-hikvision-ds-1475zj-sus\/","title":{"rendered":"STUPNI NOSA\u010c HIKVISION DS-1475ZJ-SUS"},"content":{"rendered":"<p>Stupni nosa\u010d,<\/p>\n<p>nehr\u0111aju\u0107i \u010delik,<\/p>\n<p>bijeli,<\/p>\n<p>127 \u00d7 46 \u00d7 250mm<\/p>\n","protected":false},"excerpt":{"rendered":"<p>Stupni nosa\u010d kamere.<\/p>\n","protected":false},"featured_media":1290,"template":"","meta":[],"product_cat":[15,19],"product_tag":[],"class_list":["post-405","product","type-product","status-publish","has-post-thumbnail","hentry","product_cat-videonadzor","product_cat-nosaci-i-podnozja"],"_links":{"self":[{"href":"https:\/\/stz.com.hr\/webshop\/wp-json\/wp\/v2\/product\/405","targetHints":{"allow":["GET"]}}],"collection":[{"href":"https:\/\/stz.com.hr\/webshop\/wp-json\/wp\/v2\/product"}],"about":[{"href":"https:\/\/stz.com.hr\/webshop\/wp-json\/wp\/v2\/types\/product"}],"wp:featuredmedia":[{"embeddable":true,"href":"https:\/\/stz.com.hr\/webshop\/wp-json\/wp\/v2\/media\/1290"}],"wp:attachment":[{"href":"https:\/\/stz.com.hr\/webshop\/wp-json\/wp\/v2\/media?parent=405"}],"wp:term":[{"taxonomy":"product_cat","embeddable":true,"href":"https:\/\/stz.com.hr\/webshop\/wp-json\/wp\/v2\/product_cat?post=405"},{"taxonomy":"product_tag","embeddable":true,"href":"https:\/\/stz.com.hr\/webshop\/wp-json\/wp\/v2\/product_tag?post=405"}],"curies":[{"name":"wp","href":"https:\/\/api.w.org\/{rel}","templated":true}]}}