{"id":221,"date":"2023-01-27T10:26:09","date_gmt":"2023-01-27T09:26:09","guid":{"rendered":"https:\/\/stz.com.hr\/webshop\/?post_type=product&#038;p=221"},"modified":"2026-01-27T15:18:48","modified_gmt":"2026-01-27T14:18:48","slug":"snimac-hikvision-ds-7216huhi-m2-sc-4aalm16","status":"publish","type":"product","link":"https:\/\/stz.com.hr\/webshop\/proizvod\/snimac-hikvision-ds-7216huhi-m2-sc-4aalm16\/","title":{"rendered":"SNIMA\u010c HIKVISION DS-7216HUHI-M2\/S(C)\/4A+ALM16"},"content":{"rendered":"<p>Broj kanala: 16 analognih samopodesivih ulaza<\/p>\n<p>Maksimalna rezolucija snimanja: 8 MP<\/p>\n<p>IP video ulazi: 8 ch\/8 MP<\/p>\n<p>Broj diskova \/ max veli\u010dina diska: 2 \/ 10 TB<\/p>\n<p>Video izlazi: 1x HDMI, 1xVGA, 1xCVBS<\/p>\n<p>Kompresija: H.265\/H.265+\/H.264+\/H.264<\/p>\n<p>Mogu\u0107nosti: Napredna analitika kori\u0161tenjem dubokog u\u010denja na 4 kanala<\/p>\n<p>Mre\u017eno su\u010delje: 1x RJ-45 10\/100\/1000<\/p>\n","protected":false},"excerpt":{"rendered":"<p>16-kanalni AcuSense DVR sa maksimalnom rezolucijom snimanja 8 MP<\/p>\n","protected":false},"featured_media":1126,"template":"","meta":[],"product_cat":[15,17],"product_tag":[],"class_list":["post-221","product","type-product","status-publish","has-post-thumbnail","hentry","product_cat-videonadzor","product_cat-snimaci"],"_links":{"self":[{"href":"https:\/\/stz.com.hr\/webshop\/wp-json\/wp\/v2\/product\/221","targetHints":{"allow":["GET"]}}],"collection":[{"href":"https:\/\/stz.com.hr\/webshop\/wp-json\/wp\/v2\/product"}],"about":[{"href":"https:\/\/stz.com.hr\/webshop\/wp-json\/wp\/v2\/types\/product"}],"wp:featuredmedia":[{"embeddable":true,"href":"https:\/\/stz.com.hr\/webshop\/wp-json\/wp\/v2\/media\/1126"}],"wp:attachment":[{"href":"https:\/\/stz.com.hr\/webshop\/wp-json\/wp\/v2\/media?parent=221"}],"wp:term":[{"taxonomy":"product_cat","embeddable":true,"href":"https:\/\/stz.com.hr\/webshop\/wp-json\/wp\/v2\/product_cat?post=221"},{"taxonomy":"product_tag","embeddable":true,"href":"https:\/\/stz.com.hr\/webshop\/wp-json\/wp\/v2\/product_tag?post=221"}],"curies":[{"name":"wp","href":"https:\/\/api.w.org\/{rel}","templated":true}]}}