{"id":1607,"date":"2023-03-27T09:39:26","date_gmt":"2023-03-27T07:39:26","guid":{"rendered":"https:\/\/stz.com.hr\/webshop\/?post_type=product&#038;p=1607"},"modified":"2024-08-30T14:55:02","modified_gmt":"2024-08-30T12:55:02","slug":"napajanje-jantar-spider-w40-b","status":"publish","type":"product","link":"https:\/\/stz.com.hr\/webshop\/proizvod\/napajanje-jantar-spider-w40-b\/","title":{"rendered":"NAPAJANJE JANTAR SPIDER W40-B"},"content":{"rendered":"<p>\u2022 Napajanje za ure\u0111aje LOKUS, REGIS, REX kad je potrebno rezervno napajanje<br \/>\n\u2022 Komunikacija: RS485-TCP\/IP<br \/>\n\u2022 Projektiran za napajanje 4 samostalna kontrolera i 2 brave<br \/>\n\u2022 Dodatna 2 releja od 5A koji okida zajedno sa izlazom brave<br \/>\n\u2022 Vanjski konektori za lak\u0161e o\u017ei\u010denje veza<br \/>\n\u2022 LED prikaz statusa<br \/>\n\u2022 Ulazni konektori za status vrata i tipkala, izlaz za bravu 0,5A\/12V DC<br \/>\n\u2022 Ugra\u0111en punja\u010d baterije, preporu\u010deni kapacitet baterije 12V\/2,4A<br \/>\n\u2022 Radni napon 230V AC\/13,8V DC, snaga 40W<br \/>\n\u2022 Dimenzija: 222x222x80 mm, za\u0161tita IP21<\/p>\n","protected":false},"excerpt":{"rendered":"<p>Napajanje za do \u010detiri ure\u0111aja tipa Lokus, Regis, i Rex sa dva izlaza za bravu i mre\u017enim priklju\u010dkom<\/p>\n","protected":false},"featured_media":1696,"template":"","meta":[],"product_cat":[43,46],"product_tag":[],"class_list":["post-1607","product","type-product","status-publish","has-post-thumbnail","hentry","product_cat-kontrola-pristupa","product_cat-pribor-kontrola-pristupa"],"_links":{"self":[{"href":"https:\/\/stz.com.hr\/webshop\/wp-json\/wp\/v2\/product\/1607","targetHints":{"allow":["GET"]}}],"collection":[{"href":"https:\/\/stz.com.hr\/webshop\/wp-json\/wp\/v2\/product"}],"about":[{"href":"https:\/\/stz.com.hr\/webshop\/wp-json\/wp\/v2\/types\/product"}],"wp:featuredmedia":[{"embeddable":true,"href":"https:\/\/stz.com.hr\/webshop\/wp-json\/wp\/v2\/media\/1696"}],"wp:attachment":[{"href":"https:\/\/stz.com.hr\/webshop\/wp-json\/wp\/v2\/media?parent=1607"}],"wp:term":[{"taxonomy":"product_cat","embeddable":true,"href":"https:\/\/stz.com.hr\/webshop\/wp-json\/wp\/v2\/product_cat?post=1607"},{"taxonomy":"product_tag","embeddable":true,"href":"https:\/\/stz.com.hr\/webshop\/wp-json\/wp\/v2\/product_tag?post=1607"}],"curies":[{"name":"wp","href":"https:\/\/api.w.org\/{rel}","templated":true}]}}