{"id":1605,"date":"2023-03-27T09:32:49","date_gmt":"2023-03-27T07:32:49","guid":{"rendered":"https:\/\/stz.com.hr\/webshop\/?post_type=product&#038;p=1605"},"modified":"2026-02-09T08:56:38","modified_gmt":"2026-02-09T07:56:38","slug":"samostalni-kontroler-jantar-rex-o-1-b","status":"publish","type":"product","link":"https:\/\/stz.com.hr\/webshop\/proizvod\/samostalni-kontroler-jantar-rex-o-1-b\/","title":{"rendered":"SAMOSTALNI KONTROLER JANTAR REX O-1-B"},"content":{"rendered":"<p>\u2022 Samostalni kontroler\/\u010dita\u010d do 1000 korisnika\/kartica\/privjesaka, 10000 doga\u0111aja, RS485<br \/>\n\u2022 Frekvencija 125kHz, domet za o\u010ditanje 13 cm, mogu\u0107nost izlaza Wiegand 26-bit<br \/>\n\u2022 LED (crveno\/zeleno) i zvu\u010dna signalizacija promjene stanja<br \/>\n\u2022 Dimenzija ku\u0107i\u0161ta: 58x120x15 mm, za\u0161tita ku\u0107i\u0161ta tamperom<br \/>\n\u2022 Napajanje 9 to 14V DC(preporuka Spider W5 ili Spider W40)<br \/>\n\u2022 Radna temperatura: -20 do +60\u00b0C, za\u0161tita ku\u0107i\u0161ta IP65<br \/>\n\u2022 Izlaz za el.bravu(500mA)<\/p>\n","protected":false},"excerpt":{"rendered":"<p>Samostalni kontroler sa ugra\u0111enim \u010dita\u010dem kartica frekvencije 125 KHz<\/p>\n","protected":false},"featured_media":1694,"template":"","meta":[],"product_cat":[43,45],"product_tag":[],"class_list":["post-1605","product","type-product","status-publish","has-post-thumbnail","hentry","product_cat-kontrola-pristupa","product_cat-kontroleri"],"_links":{"self":[{"href":"https:\/\/stz.com.hr\/webshop\/wp-json\/wp\/v2\/product\/1605","targetHints":{"allow":["GET"]}}],"collection":[{"href":"https:\/\/stz.com.hr\/webshop\/wp-json\/wp\/v2\/product"}],"about":[{"href":"https:\/\/stz.com.hr\/webshop\/wp-json\/wp\/v2\/types\/product"}],"wp:featuredmedia":[{"embeddable":true,"href":"https:\/\/stz.com.hr\/webshop\/wp-json\/wp\/v2\/media\/1694"}],"wp:attachment":[{"href":"https:\/\/stz.com.hr\/webshop\/wp-json\/wp\/v2\/media?parent=1605"}],"wp:term":[{"taxonomy":"product_cat","embeddable":true,"href":"https:\/\/stz.com.hr\/webshop\/wp-json\/wp\/v2\/product_cat?post=1605"},{"taxonomy":"product_tag","embeddable":true,"href":"https:\/\/stz.com.hr\/webshop\/wp-json\/wp\/v2\/product_tag?post=1605"}],"curies":[{"name":"wp","href":"https:\/\/api.w.org\/{rel}","templated":true}]}}