{"id":1604,"date":"2023-03-27T09:26:52","date_gmt":"2023-03-27T07:26:52","guid":{"rendered":"https:\/\/stz.com.hr\/webshop\/?post_type=product&#038;p=1604"},"modified":"2026-02-09T08:58:26","modified_gmt":"2026-02-09T07:58:26","slug":"samostalni-kontroler-jantar-rex-k-1-b","status":"publish","type":"product","link":"https:\/\/stz.com.hr\/webshop\/proizvod\/samostalni-kontroler-jantar-rex-k-1-b\/","title":{"rendered":"SAMOSTALNI KONTROLER JANTAR REX K-1-B"},"content":{"rendered":"<ul>\n<li>Samostalni kontroler\/\u010dita\u010d do 1000 korisnika\/kartica\/privjesaka, 10000 doga\u0111aja<\/li>\n<li>RS485, tipkovnica<\/li>\n<li>Frekvencija 125kHz, domet za o\u010ditanje 10 cm<\/li>\n<li>Mogu\u0107nost izlaza Wiegand 26-bitLED (crveno\/zeleno) i zvu\u010dna signalizacija promjene stanja<\/li>\n<li>Dimenzija ku\u0107i\u0161ta: 58x120x15 mm, za\u0161tita ku\u0107i\u0161ta tamperom<\/li>\n<li>Napajanje 9 to 14V DC (preporuka Spider W5 ili Spider W40)<\/li>\n<li>Radna temperatura: -20 do +60\u00b0C, za\u0161tita ku\u0107i\u0161ta IP65<\/li>\n<li>Izlaz za el.bravu (500mA)<\/li>\n<\/ul>\n","protected":false},"excerpt":{"rendered":"<p>Samostalni kontroler sa ugra\u0111enim \u010dita\u010dem kartica frekvencije 125 kHz i tipkovnicom<\/p>\n","protected":false},"featured_media":1686,"template":"","meta":[],"product_cat":[43,45],"product_tag":[],"class_list":["post-1604","product","type-product","status-publish","has-post-thumbnail","hentry","product_cat-kontrola-pristupa","product_cat-kontroleri"],"_links":{"self":[{"href":"https:\/\/stz.com.hr\/webshop\/wp-json\/wp\/v2\/product\/1604","targetHints":{"allow":["GET"]}}],"collection":[{"href":"https:\/\/stz.com.hr\/webshop\/wp-json\/wp\/v2\/product"}],"about":[{"href":"https:\/\/stz.com.hr\/webshop\/wp-json\/wp\/v2\/types\/product"}],"wp:featuredmedia":[{"embeddable":true,"href":"https:\/\/stz.com.hr\/webshop\/wp-json\/wp\/v2\/media\/1686"}],"wp:attachment":[{"href":"https:\/\/stz.com.hr\/webshop\/wp-json\/wp\/v2\/media?parent=1604"}],"wp:term":[{"taxonomy":"product_cat","embeddable":true,"href":"https:\/\/stz.com.hr\/webshop\/wp-json\/wp\/v2\/product_cat?post=1604"},{"taxonomy":"product_tag","embeddable":true,"href":"https:\/\/stz.com.hr\/webshop\/wp-json\/wp\/v2\/product_tag?post=1604"}],"curies":[{"name":"wp","href":"https:\/\/api.w.org\/{rel}","templated":true}]}}