{"id":1603,"date":"2023-03-27T09:30:20","date_gmt":"2023-03-27T07:30:20","guid":{"rendered":"https:\/\/stz.com.hr\/webshop\/?post_type=product&#038;p=1603"},"modified":"2026-02-09T08:57:07","modified_gmt":"2026-02-09T07:57:07","slug":"kontroler-za-erv-jantar-regis-r-1-b","status":"publish","type":"product","link":"https:\/\/stz.com.hr\/webshop\/proizvod\/kontroler-za-erv-jantar-regis-r-1-b\/","title":{"rendered":"KONTROLER ZA ERV JANTAR REGIS R-1-B"},"content":{"rendered":"<ul>\n<li>Frekvencija 125KHz, domet za o\u010ditanje 10 cm<\/li>\n<li>Memorija(FLASH) za 30.000 RFID pribora i 100.000 doga\u0111aja<\/li>\n<li>RS485 komunikacija<\/li>\n<li>Napajanje 9 to 14V DC (preporuka Spider W5 ili Spider W40)<\/li>\n<li>Radna temperatura: -20 do +60\u00b0C, za\u0161tita ku\u0107i\u0161ta IP54<\/li>\n<li>Izlaz za el.bravu (500mA)<\/li>\n<\/ul>\n","protected":false},"excerpt":{"rendered":"<p>Kontroler za evidenciju radnog vremena s 4&#215;20 OLED ekranom za horizontalnu instalaciju i ugra\u0111enim \u010dita\u010dem kartica frekvencije 125 KHz<\/p>\n","protected":false},"featured_media":1692,"template":"","meta":[],"product_cat":[43,44],"product_tag":[],"class_list":["post-1603","product","type-product","status-publish","has-post-thumbnail","hentry","product_cat-kontrola-pristupa","product_cat-citaci"],"_links":{"self":[{"href":"https:\/\/stz.com.hr\/webshop\/wp-json\/wp\/v2\/product\/1603","targetHints":{"allow":["GET"]}}],"collection":[{"href":"https:\/\/stz.com.hr\/webshop\/wp-json\/wp\/v2\/product"}],"about":[{"href":"https:\/\/stz.com.hr\/webshop\/wp-json\/wp\/v2\/types\/product"}],"wp:featuredmedia":[{"embeddable":true,"href":"https:\/\/stz.com.hr\/webshop\/wp-json\/wp\/v2\/media\/1692"}],"wp:attachment":[{"href":"https:\/\/stz.com.hr\/webshop\/wp-json\/wp\/v2\/media?parent=1603"}],"wp:term":[{"taxonomy":"product_cat","embeddable":true,"href":"https:\/\/stz.com.hr\/webshop\/wp-json\/wp\/v2\/product_cat?post=1603"},{"taxonomy":"product_tag","embeddable":true,"href":"https:\/\/stz.com.hr\/webshop\/wp-json\/wp\/v2\/product_tag?post=1603"}],"curies":[{"name":"wp","href":"https:\/\/api.w.org\/{rel}","templated":true}]}}