{"id":1599,"date":"2023-03-27T09:29:19","date_gmt":"2023-03-27T07:29:19","guid":{"rendered":"https:\/\/stz.com.hr\/webshop\/?post_type=product&#038;p=1599"},"modified":"2024-08-30T14:56:20","modified_gmt":"2024-08-30T12:56:20","slug":"kontroler-za-erv-jantar-regis-f-3-b-sc","status":"publish","type":"product","link":"https:\/\/stz.com.hr\/webshop\/proizvod\/kontroler-za-erv-jantar-regis-f-3-b-sc\/","title":{"rendered":"KONTROLER ZA ERV JANTAR REGIS F-3-B-SC"},"content":{"rendered":"<ul>\n<li>Rezolucija ekrana\u00a0240&#215;400 piksela<\/li>\n<li>Frekvencija 13,56MHz, domet za o\u010ditanje 7 cm<\/li>\n<li>Memorija(FLASH) do 9500 otisaka prstiju i 30.000 RFID pribora i 100.000 doga\u0111aja<\/li>\n<li>RS485 i TCP\/IP komunikacija<\/li>\n<li>Napajanje 9 to 14V DC (preporuka Spider W5 ili Spider W40)<\/li>\n<li>Radna temperatura: -20 do +60\u00b0C<\/li>\n<li>Izlaz za el.bravu (500mA)<\/li>\n<\/ul>\n","protected":false},"excerpt":{"rendered":"<p>Kontroler za evidenciju radnog vremena s 3\u201d LCD dodirnim ekranom za horizontalnu instalaciju i ugra\u0111enim \u010dita\u010dem otiska prstiju Suprema i kartica frekvencije 13,56 MHz<\/p>\n","protected":false},"featured_media":1690,"template":"","meta":[],"product_cat":[43,44],"product_tag":[],"class_list":["post-1599","product","type-product","status-publish","has-post-thumbnail","hentry","product_cat-kontrola-pristupa","product_cat-citaci"],"_links":{"self":[{"href":"https:\/\/stz.com.hr\/webshop\/wp-json\/wp\/v2\/product\/1599","targetHints":{"allow":["GET"]}}],"collection":[{"href":"https:\/\/stz.com.hr\/webshop\/wp-json\/wp\/v2\/product"}],"about":[{"href":"https:\/\/stz.com.hr\/webshop\/wp-json\/wp\/v2\/types\/product"}],"wp:featuredmedia":[{"embeddable":true,"href":"https:\/\/stz.com.hr\/webshop\/wp-json\/wp\/v2\/media\/1690"}],"wp:attachment":[{"href":"https:\/\/stz.com.hr\/webshop\/wp-json\/wp\/v2\/media?parent=1599"}],"wp:term":[{"taxonomy":"product_cat","embeddable":true,"href":"https:\/\/stz.com.hr\/webshop\/wp-json\/wp\/v2\/product_cat?post=1599"},{"taxonomy":"product_tag","embeddable":true,"href":"https:\/\/stz.com.hr\/webshop\/wp-json\/wp\/v2\/product_tag?post=1599"}],"curies":[{"name":"wp","href":"https:\/\/api.w.org\/{rel}","templated":true}]}}