{"id":1597,"date":"2023-03-27T09:00:50","date_gmt":"2023-03-27T07:00:50","guid":{"rendered":"https:\/\/stz.com.hr\/webshop\/?post_type=product&#038;p=1597"},"modified":"2026-02-09T08:58:48","modified_gmt":"2026-02-09T07:58:48","slug":"citac-reader-o-1-b","status":"publish","type":"product","link":"https:\/\/stz.com.hr\/webshop\/proizvod\/citac-reader-o-1-b\/","title":{"rendered":"\u010cITA\u010c READER O-1-B"},"content":{"rendered":"<p>\u2022 Protokolni \u010dita\u010d kartica\/privjesaka za POPULUS P, REGIS T<br \/>\n\u2022 Frekvencija 125kHz, domet za o\u010ditanje 12 cm, JANTAR komunikacijski protokol<br \/>\n\u2022 LED (crveno\/zeleno) i zvu\u010dna signalizacija promjene stanja<br \/>\n\u2022 Dimenzija ku\u0107i\u0161ta: 58x120x15 mm<br \/>\n\u2022 Napajanje 9 to 14V DC(POPULUS P, REGIS T)<br \/>\n\u2022 Radna temperatura: -20 do +60\u00b0C, za\u0161tita ku\u0107i\u0161ta IP65<br \/>\n\u2022 Maksimalna du\u017eina kabelske veze izme\u0111u kontrolera i \u010dita\u010da do 30m<\/p>\n","protected":false},"excerpt":{"rendered":"<p>Protokolni \u010dita\u010d frekvencije 125 Khz za Populus P ili Regis T<\/p>\n","protected":false},"featured_media":1685,"template":"","meta":[],"product_cat":[43,44],"product_tag":[],"class_list":["post-1597","product","type-product","status-publish","has-post-thumbnail","hentry","product_cat-kontrola-pristupa","product_cat-citaci"],"_links":{"self":[{"href":"https:\/\/stz.com.hr\/webshop\/wp-json\/wp\/v2\/product\/1597","targetHints":{"allow":["GET"]}}],"collection":[{"href":"https:\/\/stz.com.hr\/webshop\/wp-json\/wp\/v2\/product"}],"about":[{"href":"https:\/\/stz.com.hr\/webshop\/wp-json\/wp\/v2\/types\/product"}],"wp:featuredmedia":[{"embeddable":true,"href":"https:\/\/stz.com.hr\/webshop\/wp-json\/wp\/v2\/media\/1685"}],"wp:attachment":[{"href":"https:\/\/stz.com.hr\/webshop\/wp-json\/wp\/v2\/media?parent=1597"}],"wp:term":[{"taxonomy":"product_cat","embeddable":true,"href":"https:\/\/stz.com.hr\/webshop\/wp-json\/wp\/v2\/product_cat?post=1597"},{"taxonomy":"product_tag","embeddable":true,"href":"https:\/\/stz.com.hr\/webshop\/wp-json\/wp\/v2\/product_tag?post=1597"}],"curies":[{"name":"wp","href":"https:\/\/api.w.org\/{rel}","templated":true}]}}