{"id":1596,"date":"2023-03-27T09:28:47","date_gmt":"2023-03-27T07:28:47","guid":{"rendered":"https:\/\/stz.com.hr\/webshop\/?post_type=product&#038;p=1596"},"modified":"2024-08-30T14:56:38","modified_gmt":"2024-08-30T12:56:38","slug":"kontroler-za-kp-jantar-populus-p-4-b","status":"publish","type":"product","link":"https:\/\/stz.com.hr\/webshop\/proizvod\/kontroler-za-kp-jantar-populus-p-4-b\/","title":{"rendered":"KONTROLER ZA KP JANTAR POPULUS P-4-B"},"content":{"rendered":"<ul>\n<li>Kontroler pristupa za \u010detvora vrata + 1 dodatna vrata (ili funkcija alarmnog izlaza)<\/li>\n<li>Omogu\u0107ava povezivanje do\u00a010 protokol \u010dita\u010da ili 4 \u010dita\u010da sa Wiegand izlazom (125Mhz i 13,56Ghz)<\/li>\n<li>2x RS-485 i TCP \/ IP komunikacija<\/li>\n<li>Ugra\u0111eno napajanje 40W\/230V sa pozicijom za rezervno baterijsko napajanje(Aku 12V\/2,4Ah)<\/li>\n<li>interna memorija za: do 30.000 korisnika (kartice\/oznake) \/ 100.000 doga\u0111anja<\/li>\n<li>Izlaz za bravu: 2 x 12V\/0,5A<\/li>\n<li>Dodatni relejni izlaz 5A, aktivan kod aktiviranja izlaza za bravu<\/li>\n<li>Za\u0161tita: plasti\u010dno ku\u0107i\u0161te(-20\u00b0C\u201440\u00b0C), IP21, napajanje: 110-230V<\/li>\n<li>Dimenzije: 222x222x80mm<\/li>\n<\/ul>\n","protected":false},"excerpt":{"rendered":"<p>Pristupni kontroler za \u010detvora vrata i \u010detiri direktna ili deset protokolnih \u010dita\u010da<\/p>\n","protected":false},"featured_media":1689,"template":"","meta":[],"product_cat":[43,44],"product_tag":[],"class_list":["post-1596","product","type-product","status-publish","has-post-thumbnail","hentry","product_cat-kontrola-pristupa","product_cat-citaci"],"_links":{"self":[{"href":"https:\/\/stz.com.hr\/webshop\/wp-json\/wp\/v2\/product\/1596","targetHints":{"allow":["GET"]}}],"collection":[{"href":"https:\/\/stz.com.hr\/webshop\/wp-json\/wp\/v2\/product"}],"about":[{"href":"https:\/\/stz.com.hr\/webshop\/wp-json\/wp\/v2\/types\/product"}],"wp:featuredmedia":[{"embeddable":true,"href":"https:\/\/stz.com.hr\/webshop\/wp-json\/wp\/v2\/media\/1689"}],"wp:attachment":[{"href":"https:\/\/stz.com.hr\/webshop\/wp-json\/wp\/v2\/media?parent=1596"}],"wp:term":[{"taxonomy":"product_cat","embeddable":true,"href":"https:\/\/stz.com.hr\/webshop\/wp-json\/wp\/v2\/product_cat?post=1596"},{"taxonomy":"product_tag","embeddable":true,"href":"https:\/\/stz.com.hr\/webshop\/wp-json\/wp\/v2\/product_tag?post=1596"}],"curies":[{"name":"wp","href":"https:\/\/api.w.org\/{rel}","templated":true}]}}