{"id":1595,"date":"2023-03-27T09:27:56","date_gmt":"2023-03-27T07:27:56","guid":{"rendered":"https:\/\/stz.com.hr\/webshop\/?post_type=product&#038;p=1595"},"modified":"2024-08-30T14:57:48","modified_gmt":"2024-08-30T12:57:48","slug":"kontroler-za-kp-jantar-populus-f-3-b-sc","status":"publish","type":"product","link":"https:\/\/stz.com.hr\/webshop\/proizvod\/kontroler-za-kp-jantar-populus-f-3-b-sc\/","title":{"rendered":"KONTROLER ZA KP JANTAR POPULUS F-3-B-SC"},"content":{"rendered":"<p>\u2022 Kontroler za kontrolu pristupa za horizontalnu instalaciju sa ugra\u0111enim kapacitivnim \u010dita\u010dem otisaka<br \/>\nprstiju SUPREMA, ugra\u0111en \u010dita\u010d RFID pribora<br \/>\n\u2022 Frekvencija 13,56MHz, domet za o\u010ditanje 7 cm<br \/>\n\u2022 Memorija (FLASH) do 30.000 korisnika i 100.000 doga\u0111aja, do 9.500 otisaka<br \/>\n\u2022 RS485 i TCP\/IP komunikacija, baterija za back-up<br \/>\n\u2022 Napajanje 9 to 14V DC (preporuka Spider W5 ili Spider W40)<br \/>\n\u2022 Radna temperatura: -20 do +60\u00b0C<br \/>\n\u2022 Izlaz za el.bravu(500mA)<\/p>\n","protected":false},"excerpt":{"rendered":"<p>Kontroler za kontrolu pristupa s otiskom prsta<\/p>\n","protected":false},"featured_media":1687,"template":"","meta":[],"product_cat":[43,44],"product_tag":[],"class_list":["post-1595","product","type-product","status-publish","has-post-thumbnail","hentry","product_cat-kontrola-pristupa","product_cat-citaci"],"_links":{"self":[{"href":"https:\/\/stz.com.hr\/webshop\/wp-json\/wp\/v2\/product\/1595","targetHints":{"allow":["GET"]}}],"collection":[{"href":"https:\/\/stz.com.hr\/webshop\/wp-json\/wp\/v2\/product"}],"about":[{"href":"https:\/\/stz.com.hr\/webshop\/wp-json\/wp\/v2\/types\/product"}],"wp:featuredmedia":[{"embeddable":true,"href":"https:\/\/stz.com.hr\/webshop\/wp-json\/wp\/v2\/media\/1687"}],"wp:attachment":[{"href":"https:\/\/stz.com.hr\/webshop\/wp-json\/wp\/v2\/media?parent=1595"}],"wp:term":[{"taxonomy":"product_cat","embeddable":true,"href":"https:\/\/stz.com.hr\/webshop\/wp-json\/wp\/v2\/product_cat?post=1595"},{"taxonomy":"product_tag","embeddable":true,"href":"https:\/\/stz.com.hr\/webshop\/wp-json\/wp\/v2\/product_tag?post=1595"}],"curies":[{"name":"wp","href":"https:\/\/api.w.org\/{rel}","templated":true}]}}