{"id":1582,"date":"2023-03-23T10:27:19","date_gmt":"2023-03-23T09:27:19","guid":{"rendered":"https:\/\/stz.com.hr\/webshop\/?post_type=product&#038;p=1582"},"modified":"2026-04-13T10:17:58","modified_gmt":"2026-04-13T08:17:58","slug":"centrala-za-odimljavanje-geze-thz-basic-45a","status":"publish","type":"product","link":"https:\/\/stz.com.hr\/webshop\/proizvod\/centrala-za-odimljavanje-geze-thz-basic-45a\/","title":{"rendered":"CENTRALA ZA ODIMLJAVANJE GEZE 190775 THZ BASIC 4,5A"},"content":{"rendered":"<p>Dimenzije 193 x 285 x 89 mm<br \/>\nMaterijal plastika<br \/>\nBoja bijelo RAL 9016<br \/>\nTip za\u0161tite IP30<br \/>\nRadna temperatura -5 &#8211; 40 \u00b0C<br \/>\nRadni napon 230 V AC<br \/>\nPotro\u0161nja energije (maks.) 120 W<br \/>\nPresjek priklju\u010dka \/ mre\u017ea 1.5 mm\u00b2<br \/>\nIzlazni napon 24 V DC +\/-15%<br \/>\nPreostala valovitost 2 %<br \/>\nIzlazna struja (maks.) 4.5 A<br \/>\nTrajanje uklju\u010divanja kod maks. izlazne struje 30 %<br \/>\nPresjek priklju\u010dka voda motora 4 mm\u00b2<br \/>\nKapacitet punjive baterije 2.3 Ah<br \/>\nAlarmne grupe 1<br \/>\nSklopovi za prozra\u010divanje 1 x<br \/>\nUmre\u017eavanje vi\u0161e centralnih jedinica: Proslje\u0111ivanje signala alarma i resetiranja za povezivanje do 10 centrala<br \/>\nDostupni izlazi signala:\u00a0 3 dojavna kontakta s mogu\u0107no\u0161\u0107u parametriranja<br \/>\nParametriranje centrala:\u00a0 Servisne tipke i 5 LED indikatora ili ST220<br \/>\nSukladnost s normom EN 12101-10<br \/>\nOdobrenja VdS<\/p>\n","protected":false},"excerpt":{"rendered":"<p>Geze centrala stubi\u0161ta u kompaktnom ku\u0107i\u0161tu sustava odvoda dima i topline i za male sustave topline sa 4,5 A, 190775<\/p>\n","protected":false},"featured_media":183,"template":"","meta":[],"product_cat":[47],"product_tag":[],"class_list":["post-1582","product","type-product","status-publish","has-post-thumbnail","hentry","product_cat-odimljavanje"],"_links":{"self":[{"href":"https:\/\/stz.com.hr\/webshop\/wp-json\/wp\/v2\/product\/1582","targetHints":{"allow":["GET"]}}],"collection":[{"href":"https:\/\/stz.com.hr\/webshop\/wp-json\/wp\/v2\/product"}],"about":[{"href":"https:\/\/stz.com.hr\/webshop\/wp-json\/wp\/v2\/types\/product"}],"wp:featuredmedia":[{"embeddable":true,"href":"https:\/\/stz.com.hr\/webshop\/wp-json\/wp\/v2\/media\/183"}],"wp:attachment":[{"href":"https:\/\/stz.com.hr\/webshop\/wp-json\/wp\/v2\/media?parent=1582"}],"wp:term":[{"taxonomy":"product_cat","embeddable":true,"href":"https:\/\/stz.com.hr\/webshop\/wp-json\/wp\/v2\/product_cat?post=1582"},{"taxonomy":"product_tag","embeddable":true,"href":"https:\/\/stz.com.hr\/webshop\/wp-json\/wp\/v2\/product_tag?post=1582"}],"curies":[{"name":"wp","href":"https:\/\/api.w.org\/{rel}","templated":true}]}}