{"id":1580,"date":"2023-03-23T10:17:12","date_gmt":"2023-03-23T09:17:12","guid":{"rendered":"https:\/\/stz.com.hr\/webshop\/?post_type=product&#038;p=1580"},"modified":"2026-04-13T10:18:13","modified_gmt":"2026-04-13T08:18:13","slug":"rucni-javljac-geze-ft4a-vds","status":"publish","type":"product","link":"https:\/\/stz.com.hr\/webshop\/proizvod\/rucni-javljac-geze-ft4a-vds\/","title":{"rendered":"RU\u010cNI JAVLJA\u010c GEZE 161282 FT4A- VdS"},"content":{"rendered":"<p>Za priklju\u010divanje na GEZE RWA centrale, za ru\u010dno aktiviranje alarma sustava odvoda dima i topline<br \/>\nNad\u017ebukna monta\u017ea, ulaz kabela odozgo, odozdo i s bo\u010dne strane<\/p>\n","protected":false},"excerpt":{"rendered":"<p>Geze ru\u010dni javlja\u010d RWA\u00a0 s odobrenjem VdS za priklju\u010divanje na GEZE RWA centrale, 161282<\/p>\n","protected":false},"featured_media":1677,"template":"","meta":[],"product_cat":[47],"product_tag":[],"class_list":["post-1580","product","type-product","status-publish","has-post-thumbnail","hentry","product_cat-odimljavanje"],"_links":{"self":[{"href":"https:\/\/stz.com.hr\/webshop\/wp-json\/wp\/v2\/product\/1580","targetHints":{"allow":["GET"]}}],"collection":[{"href":"https:\/\/stz.com.hr\/webshop\/wp-json\/wp\/v2\/product"}],"about":[{"href":"https:\/\/stz.com.hr\/webshop\/wp-json\/wp\/v2\/types\/product"}],"wp:featuredmedia":[{"embeddable":true,"href":"https:\/\/stz.com.hr\/webshop\/wp-json\/wp\/v2\/media\/1677"}],"wp:attachment":[{"href":"https:\/\/stz.com.hr\/webshop\/wp-json\/wp\/v2\/media?parent=1580"}],"wp:term":[{"taxonomy":"product_cat","embeddable":true,"href":"https:\/\/stz.com.hr\/webshop\/wp-json\/wp\/v2\/product_cat?post=1580"},{"taxonomy":"product_tag","embeddable":true,"href":"https:\/\/stz.com.hr\/webshop\/wp-json\/wp\/v2\/product_tag?post=1580"}],"curies":[{"name":"wp","href":"https:\/\/api.w.org\/{rel}","templated":true}]}}