{"id":1579,"date":"2023-03-23T10:13:50","date_gmt":"2023-03-23T09:13:50","guid":{"rendered":"https:\/\/stz.com.hr\/webshop\/?post_type=product&#038;p=1579"},"modified":"2026-04-13T10:19:10","modified_gmt":"2026-04-13T08:19:10","slug":"sustav-otvaranja-i-zakljucavanja-geze-rwa-110nt-300mm","status":"publish","type":"product","link":"https:\/\/stz.com.hr\/webshop\/proizvod\/sustav-otvaranja-i-zakljucavanja-geze-rwa-110nt-300mm\/","title":{"rendered":"SUSTAV OTVARANJA I ZAKLJU\u010cAVANJA GEZE 153226 RWA 110NT\/ 300MM"},"content":{"rendered":"<p>potreban prostor (min.) Okvir krila: min.: 33 mm, doprozornik: min. 45 mm<br \/>\nDopu\u0161tene dimenzije glavnog ruba zatvaranja: Solo za drvene i aluminijske okvire 430 &#8211; 1200 mm<br \/>\nDopu\u0161tene dimenzije glavnog ruba zatvaranja: Solo za plasti\u010dni okvir 430 &#8211; 800 mm<br \/>\nDopu\u0161tene dimenzije glavnog ruba zatvaranja: Syncro za drvene i aluminijske okvire 850 &#8211; 2400 mm<br \/>\nDopu\u0161tene dimenzije glavnog ruba zatvaranja: Syncro za plasti\u010dni okvir 850 &#8211; 1600 mm<br \/>\nVisine krila za Solo i Syncro 600 &#8211; 1600 mm<br \/>\nDostupna duljina hoda 150 mm, 200 mm, 300 mm<br \/>\nTla\u010dna sila (maks.) 750 N<br \/>\nTla\u010dna sila 750 N<br \/>\nVla\u010dna sila 750 N<br \/>\nTe\u017eina ispune (maks.) 30 kg\/m\u00b2<br \/>\nNapon tijekom pogona 24 V (+30 % do -20 %)<br \/>\nRadni napon 24 V DC<br \/>\nPotro\u0161nja struje 1 A<br \/>\nPotro\u0161nja struje prema podru\u010dju primjene Prozra\u010divanje (24 V): 0,9 A, odvod dima i topline (18 V): 1,0 A<br \/>\nPotro\u0161nja snage 22 W<br \/>\nPreostala valovitost 20 %<br \/>\nTrajanje uklju\u010divanja 30 %<br \/>\nDuljina priklju\u010dnog kabela 2 m<br \/>\nMin. presjek \u017eile 0.75 mm\u00b2<br \/>\nBroj \u017eila 4 \u017eila<br \/>\nRadna temperatura -5 &#8211; 75 \u00b0C<br \/>\nTip za\u0161tite IP65<br \/>\nRazred za\u0161tite III<br \/>\nZaklju\u010davanje i dodatni kutnici Da<\/p>\n","protected":false},"excerpt":{"rendered":"<p>Geze sustav otvaranja i zaklju\u010davanja za otklopna, donje otklopna i zaokretna krila s otvaranjem prema van, 153226<\/p>\n","protected":false},"featured_media":1676,"template":"","meta":[],"product_cat":[47],"product_tag":[],"class_list":["post-1579","product","type-product","status-publish","has-post-thumbnail","hentry","product_cat-odimljavanje"],"_links":{"self":[{"href":"https:\/\/stz.com.hr\/webshop\/wp-json\/wp\/v2\/product\/1579","targetHints":{"allow":["GET"]}}],"collection":[{"href":"https:\/\/stz.com.hr\/webshop\/wp-json\/wp\/v2\/product"}],"about":[{"href":"https:\/\/stz.com.hr\/webshop\/wp-json\/wp\/v2\/types\/product"}],"wp:featuredmedia":[{"embeddable":true,"href":"https:\/\/stz.com.hr\/webshop\/wp-json\/wp\/v2\/media\/1676"}],"wp:attachment":[{"href":"https:\/\/stz.com.hr\/webshop\/wp-json\/wp\/v2\/media?parent=1579"}],"wp:term":[{"taxonomy":"product_cat","embeddable":true,"href":"https:\/\/stz.com.hr\/webshop\/wp-json\/wp\/v2\/product_cat?post=1579"},{"taxonomy":"product_tag","embeddable":true,"href":"https:\/\/stz.com.hr\/webshop\/wp-json\/wp\/v2\/product_tag?post=1579"}],"curies":[{"name":"wp","href":"https:\/\/api.w.org\/{rel}","templated":true}]}}