{"id":1572,"date":"2023-03-23T09:35:38","date_gmt":"2023-03-23T08:35:38","guid":{"rendered":"https:\/\/stz.com.hr\/webshop\/?post_type=product&#038;p=1572"},"modified":"2026-04-13T10:21:37","modified_gmt":"2026-04-13T08:21:37","slug":"pogon-geze-slimchain-l-500mm","status":"publish","type":"product","link":"https:\/\/stz.com.hr\/webshop\/proizvod\/pogon-geze-slimchain-l-500mm\/","title":{"rendered":"POGON GEZE 147045 SLIMCHAIN L 500MM"},"content":{"rendered":"<p>Potreban prostor na okviru (min.): Monta\u017ea na okvir PREMA UNUTRA: 40 mm, monta\u017ea na krilo PREMA UNUTRA: 16\/21 mm, monta\u017ea na okvir PREMA VAN: 31 mm<br \/>\nPotreban prostor na krilu (min.): Monta\u017ea na okvir PREMA UNUTRA: 40 mm, monta\u017ea na krilo PREMA UNUTRA: 34\/29 mm, monta\u017ea na okvir PREMA VAN: 19 mm<br \/>\nBrzina otvaranja prozra\u010divanje: 5 mm\/s<br \/>\nBrzina zatvaranja (maks.): 5 mm\/s<br \/>\nTla\u010dna sila (maks.): 100 N (neovisno o hodu)<br \/>\nSila dr\u017eanja u zatvorenom polo\u017eaju (maks.) : 2000 N<br \/>\nVla\u010dna sila: 300 N<br \/>\nMasa krila: 200 kg*<br \/>\nPodru\u010dje preklapanja: 0 \u2013 23 mm (ovisno o primjeni i konzoli)<br \/>\nNapon tijekom pogona: 230 V \u00b1 10 %<br \/>\nRadni napon 230 V<br \/>\nPotro\u0161nja struje 0.3 A<br \/>\nPotro\u0161nja snage 30 W<br \/>\nTrajanje uklju\u010divanja 30 %<br \/>\nPosebna duljina priklju\u010dnog kabela 5 m, 7.5 m<br \/>\nMin. presjek \u017eile 0.75 mm\u00b2<br \/>\nBroj \u017eila 3 \u017eila<br \/>\nRadna temperatura -5 \u2013 70 \u00b0C<br \/>\nTip za\u0161tite IP30<br \/>\nPodesiva brzina otvaranja (prozra\u010divanje) Da<br \/>\nIsklju\u010divanje u krajnjem polo\u017eaju izvu\u010deno: elektroni\u010dki putem internog dava\u010da puta<br \/>\nIsklju\u010divanje u krajnjem polo\u017eaju uvu\u010deno:\u00a0 elektroni\u010dki putem potro\u0161nje struje<\/p>\n","protected":false},"excerpt":{"rendered":"<p>Pogon odgovaraju\u0107eg dizajna s mnogim mogu\u0107nostima primjene u izvedbi od 230 V, 147045<\/p>\n","protected":false},"featured_media":1669,"template":"","meta":[],"product_cat":[47],"product_tag":[],"class_list":["post-1572","product","type-product","status-publish","has-post-thumbnail","hentry","product_cat-odimljavanje"],"_links":{"self":[{"href":"https:\/\/stz.com.hr\/webshop\/wp-json\/wp\/v2\/product\/1572","targetHints":{"allow":["GET"]}}],"collection":[{"href":"https:\/\/stz.com.hr\/webshop\/wp-json\/wp\/v2\/product"}],"about":[{"href":"https:\/\/stz.com.hr\/webshop\/wp-json\/wp\/v2\/types\/product"}],"wp:featuredmedia":[{"embeddable":true,"href":"https:\/\/stz.com.hr\/webshop\/wp-json\/wp\/v2\/media\/1669"}],"wp:attachment":[{"href":"https:\/\/stz.com.hr\/webshop\/wp-json\/wp\/v2\/media?parent=1572"}],"wp:term":[{"taxonomy":"product_cat","embeddable":true,"href":"https:\/\/stz.com.hr\/webshop\/wp-json\/wp\/v2\/product_cat?post=1572"},{"taxonomy":"product_tag","embeddable":true,"href":"https:\/\/stz.com.hr\/webshop\/wp-json\/wp\/v2\/product_tag?post=1572"}],"curies":[{"name":"wp","href":"https:\/\/api.w.org\/{rel}","templated":true}]}}