{"id":1563,"date":"2023-03-23T08:39:14","date_gmt":"2023-03-23T07:39:14","guid":{"rendered":"https:\/\/stz.com.hr\/webshop\/?post_type=product&#038;p=1563"},"modified":"2026-04-13T10:23:53","modified_gmt":"2026-04-13T08:23:53","slug":"nadzbukna-kutija-geze-as-500","status":"publish","type":"product","link":"https:\/\/stz.com.hr\/webshop\/proizvod\/nadzbukna-kutija-geze-as-500\/","title":{"rendered":"NAD\u017dBUKNA KUTIJA GEZE 120503 AS 500"},"content":{"rendered":"<p>Nad\u017ebukna kutija za niz prekida\u010da, plastika, boja bijela, \u0161 80mm* v 80mm<\/p>\n","protected":false},"excerpt":{"rendered":"<p>Geze nad\u017ebukna plasti\u010dna kutija u bijeloj boji, 120503<\/p>\n","protected":false},"featured_media":1662,"template":"","meta":[],"product_cat":[47],"product_tag":[],"class_list":["post-1563","product","type-product","status-publish","has-post-thumbnail","hentry","product_cat-odimljavanje"],"_links":{"self":[{"href":"https:\/\/stz.com.hr\/webshop\/wp-json\/wp\/v2\/product\/1563","targetHints":{"allow":["GET"]}}],"collection":[{"href":"https:\/\/stz.com.hr\/webshop\/wp-json\/wp\/v2\/product"}],"about":[{"href":"https:\/\/stz.com.hr\/webshop\/wp-json\/wp\/v2\/types\/product"}],"wp:featuredmedia":[{"embeddable":true,"href":"https:\/\/stz.com.hr\/webshop\/wp-json\/wp\/v2\/media\/1662"}],"wp:attachment":[{"href":"https:\/\/stz.com.hr\/webshop\/wp-json\/wp\/v2\/media?parent=1563"}],"wp:term":[{"taxonomy":"product_cat","embeddable":true,"href":"https:\/\/stz.com.hr\/webshop\/wp-json\/wp\/v2\/product_cat?post=1563"},{"taxonomy":"product_tag","embeddable":true,"href":"https:\/\/stz.com.hr\/webshop\/wp-json\/wp\/v2\/product_tag?post=1563"}],"curies":[{"name":"wp","href":"https:\/\/api.w.org\/{rel}","templated":true}]}}