{"id":1445,"date":"2023-03-10T13:28:38","date_gmt":"2023-03-10T12:28:38","guid":{"rendered":"https:\/\/stz.com.hr\/webshop\/?page_id=1445"},"modified":"2023-03-10T15:41:32","modified_gmt":"2023-03-10T14:41:32","slug":"registriraj-se","status":"publish","type":"page","link":"https:\/\/stz.com.hr\/webshop\/registriraj-se\/","title":{"rendered":"Registriraj se"},"content":{"rendered":"<section class=\"wpb-content-wrapper\"><p>[vc_row][vc_column][vc_column_text woodmart_inline=&#8221;no&#8221; text_larger=&#8221;no&#8221;]Za kori\u0161tenje na\u0161eg web shopa potrebna je prethodna registracija. Ovaj korak je neophodan kako biste imali pristup svim funkcijama na\u0161eg web shopa i mogli naru\u010diti proizvode koji vas interesiraju.<\/p>\n<p>Registracija je brza i jednostavna. Potrebno je popuniti obrazac s podacima, nakon toga na\u0161 prodajni predstavnik \u0107e pregledati va\u0161u registraciju i kreirati va\u0161 korisni\u010dki ra\u010dun.<\/p>\n<p>Va\u0161 korisni\u010dki ra\u010dun omogu\u0107it \u0107e vam pregledavanje\u00a0 proizvoda, kreiranje ko\u0161arice i naru\u010divanje proizvoda. Tako\u0111er, putem va\u0161eg korisni\u010dkog ra\u010duna mo\u0107i \u0107ete pratiti status va\u0161ih narud\u017ebi i pregledati povijest kupnje.[\/vc_column_text][\/vc_column][\/vc_row][vc_row][vc_column width=&#8221;1\/2&#8243;]<div id=\"wd-640b408a73865\" class=\" wd-rs-640b408a73865 vc_custom_1678459024553 wd-button-wrapper woodmart-button-wrapper text-center\"><a href=\"https:\/\/stz.com.hr\/webshop\/registriraj-se\/pravne-osobe\/\" title=\"Registracija \u2013 Pravne osobe\" class=\"btn btn-scheme-light btn-scheme-hover-light btn-style-default btn-style-round btn-size-extra-large\">Pravne osobe<\/a><\/div>[\/vc_column][vc_column width=&#8221;1\/2&#8243;]<div id=\"wd-640b411b74f27\" class=\" wd-rs-640b411b74f27 vc_custom_1678459168207 wd-button-wrapper woodmart-button-wrapper text-center\"><a href=\"https:\/\/stz.com.hr\/webshop\/registriraj-se\/fizicke-osobe\/\" title=\"Registracija \u2013 Pravne osobe\" class=\"btn btn-scheme-light btn-scheme-hover-light btn-style-default btn-style-round btn-size-extra-large\">Fizi\u010dke osobe<\/a><\/div>[\/vc_column][\/vc_row]<\/p>\n<\/section>","protected":false},"excerpt":{"rendered":"<p>[vc_row][vc_column][vc_column_text woodmart_inline=&#8221;no&#8221; text_larger=&#8221;no&#8221;]Za kori\u0161tenje na\u0161eg web shopa potrebna je prethodna registracija. Ovaj korak je neophodan kako biste imali pristup svim<\/p>\n","protected":false},"author":1,"featured_media":0,"parent":0,"menu_order":0,"comment_status":"closed","ping_status":"closed","template":"","meta":{"footnotes":""},"class_list":["post-1445","page","type-page","status-publish","hentry"],"_links":{"self":[{"href":"https:\/\/stz.com.hr\/webshop\/wp-json\/wp\/v2\/pages\/1445","targetHints":{"allow":["GET"]}}],"collection":[{"href":"https:\/\/stz.com.hr\/webshop\/wp-json\/wp\/v2\/pages"}],"about":[{"href":"https:\/\/stz.com.hr\/webshop\/wp-json\/wp\/v2\/types\/page"}],"author":[{"embeddable":true,"href":"https:\/\/stz.com.hr\/webshop\/wp-json\/wp\/v2\/users\/1"}],"replies":[{"embeddable":true,"href":"https:\/\/stz.com.hr\/webshop\/wp-json\/wp\/v2\/comments?post=1445"}],"version-history":[{"count":17,"href":"https:\/\/stz.com.hr\/webshop\/wp-json\/wp\/v2\/pages\/1445\/revisions"}],"predecessor-version":[{"id":1479,"href":"https:\/\/stz.com.hr\/webshop\/wp-json\/wp\/v2\/pages\/1445\/revisions\/1479"}],"wp:attachment":[{"href":"https:\/\/stz.com.hr\/webshop\/wp-json\/wp\/v2\/media?parent=1445"}],"curies":[{"name":"wp","href":"https:\/\/api.w.org\/{rel}","templated":true}]}}