{"id":115,"date":"2022-12-13T18:13:48","date_gmt":"2022-12-13T17:13:48","guid":{"rendered":"https:\/\/stz.com.hr\/webshop\/?page_id=115"},"modified":"2023-03-10T13:27:50","modified_gmt":"2023-03-10T12:27:50","slug":"pravila-privatnosti","status":"publish","type":"page","link":"https:\/\/stz.com.hr\/webshop\/pravila-privatnosti\/","title":{"rendered":"Pravila privatnosti"},"content":{"rendered":"<h2>Politika privatnosti i uvjeti kori\u0161tenja osobnih podataka te op\u0107i uvjeti kori\u0161tenja<\/h2>\n<p>Mi, STZ d.o.o., A.B. \u0160imi\u0107a 12, 21000 Split, OIB: 48945897803, tvrtka smo koja se bavi prodajom sustava tehni\u010dke za\u0161tite. U svojoj djelatnosti prikupljamo i obra\u0111ujemo osobne podatke po\u0161tuju\u0107i sve relevantne zakone i propise. Za\u0161tita Va\u0161e privatnosti je na\u0161a obveza, molimo Vas da ove Informacije pa\u017eljivo pro\u010ditate!<\/p>\n<p><strong>1. Tko je voditelj obrade osobnih podataka?<\/strong><br \/>\nSTZ d.o.o. je voditelj obrade Va\u0161ih osobnih podataka kako je to propisano zakonom i propisima o za\u0161titi osobnih podataka. STZ d.o.o. kao voditelj obrade osobnih podataka odre\u0111uje svrhu i sredstva obrade osobnih podataka i odgovoran je za \u010duvanje i kori\u0161tenje osobnih podataka u papirnatom ili elektronskom obliku.<\/p>\n<p><strong>2. Povjerenik za za\u0161titu osobnih podataka<\/strong><br \/>\nSTZ d.o.o. je sukladno relevantnim propisima imenovao Povjerenika za za\u0161titu osobnih podataka kojega mo\u017eete kontaktirati vezano za sva pitanja vezana s obradom Va\u0161ih osobnih podataka ili ostvarivanje svojih prava na za\u0161titu osobnih podataka. Kontakt: prodaja@stz.com.hr<\/p>\n<p><strong>3. Koju vrstu osobnih podataka prikupljamo?<\/strong><br \/>\nOsobni podaci koje prikupljamo su prvenstveno Va\u0161i osnovni osobni podaci (ime, prezime, adresa, kontakt podaci\u2026 ),sakupljamo ih isklju\u010divo u trenutku kada nas kontaktirate i zatra\u017eite kontakt s na\u0161im djelatnicima, a podaci su nu\u017eni za pru\u017eanje tra\u017eene usluge. Va\u0161im podacima pristup imaju isklju\u010divo djelatnici tvrtke STZ d.o.o.<\/p>\n<p><strong>4. Kako \u0107emo prikupljati i koristiti Va\u0161e osobne podatke?<\/strong><br \/>\nOsobne podatke prikupljamo prije svega radi osiguravanja pru\u017eanja tra\u017eene usluge i \u0161to u\u010dinkovitijeg odgovora na Va\u0161 upit. U trenutku dostavljanja Va\u0161ih osobnih podataka, Vi pristajete na kontakt s nama te nam time dajete za pravo uklju\u010diti Vas u na\u0161u bazu podataka kako bi ostvarili tra\u017eene usluge. To smatramo Va\u0161im izri\u010ditim pristankom na kontakt. Ne prodajemo, ne prenosimo i ne otkrivamo podatke koje prikupimo na svojim internetskim stranicama nikome, osim:<br \/>\n\u2022 u slu\u010dajevima kada je to potrebno radi izvr\u0161avanja na\u0161ih zakonskih obveza<br \/>\n\u2022 u slu\u010dajevima kada je to potrebno radi za\u0161tite va\u0161eg \u017eivota ili tjelesnog integriteta, a vi niste u mogu\u0107nosti dati svoj pristanak za obradu svojih osobnih podataka<br \/>\n\u2022 u slu\u010dajevima kada je to nu\u017eno radi ispunjenja zadataka koji se izvr\u0161avaju u javnom interesu. Popunjavaju\u0107i formulare na na\u0161oj stranici jam\u010dite da su informacije koje ste prilo\u017eili to\u010dne te da ste u cijelosti suglasni s odredbama na\u0161e Politike privatnosti i u njoj navedenim uvjetima. Za\u0161tita privatnosti va\u0161ih podataka je trajna, a u svakom trenutku mo\u017eete tra\u017eiti brisanje Va\u0161ih podataka, slanjem direktnog zahtjeva. Osobni podaci subjekta obrade se na njegov zahtjev bri\u0161u odmah bez odlaganja, a najkasnije u roku od mjesec dana od zaprimanja zahtjeva. Subjekt obrade se informira putem e-maila o provedenom brisanju u roku od mjesec dana od zaprimanja njegovog zahtjeva. Nakon povla\u010denja privole, Va\u0161e \u0107emo podatke koristiti isklju\u010divo u svrhu interne statisti\u010dke obrade podataka i oni \u0107e biti u cijelosti anonimizirani. Tijekom definiranog vremena \u010duvanja osobnih podataka u na\u0161im evidencijama osobnih podataka provodimo sljede\u0107e mjere:<br \/>\n\u2022 Periodi\u010dki pregled evidencija osobnih podataka<br \/>\n\u2022 Provjeru primjenjivosti perioda \u010duvanja podataka s obzirom na zahtjeve poslovanja, tip osobnih podataka, svrhu obrade i kategoriju subjekata obrade.<\/p>\n<p><strong>5. Tko \u0107e imati pristup va\u0161im osobnim podacima?<\/strong><br \/>\nMi \u0107emo osigurati da se Va\u0161i podaci obra\u0111uju samo na na\u010din koji je u skladu sa svrhom koja je gore navedena. Ako je to radi ispunjenja navedene svrhe nu\u017eno, Va\u0161im podacima \u0107e pristup imati: ovla\u0161teni djelatnici tvrtke STZ d.o.o.. Osobni podaci obra\u0111uju se isklju\u010divo prema uputama STZ d.o.o.<\/p>\n<p><strong>6. Gdje \u0107e se moji podaci obra\u0111ivati?<\/strong><br \/>\nVa\u0161i osobni podaci \u0107e biti obra\u0111ivani unutar zemalja za koje je Europska komisija ocijenila da imaju primjerenu razinu za\u0161tite od strane izvr\u0161itelja obrade koji su navedeni pod to\u010dkom 5., a \u010dija je odgovornost i obveza za\u0161tite osobnih podataka i \u010duvanja njihove povjerljivosti definirana ugovornim odnosom i u skladu sa svim tehni\u010dkim i organizacijskim mjerama i zakonskim propisima koji ure\u0111uju za\u0161titu podataka. Va\u0161i osobni podaci ne\u0107e biti dostupni nikome tko za to nema ovla\u0161tenje STZ d.o.o.<\/p>\n<p><strong>7. Statistika poslu\u017eitelja<\/strong><br \/>\nNa\u0161 poslu\u017eitelj koristi statisti\u010dki softver. Ti su programi standardno obilje\u017eje svih internetskih poslu\u017eitelja i nisu karakteristi\u010dni samo za na\u0161e stranice. Takvi statisti\u010dki programi omogu\u0107uju nam svoje stranice prilagoditi kako bi bile \u0161to efikasnije i jednostavnije za na\u0161e posjetitelje (utvr\u0111ivanje podataka koji najvi\u0161e ili najmanje zanimaju na\u0161e korisnike, prilago\u0111avanje stranica za pojedine internetske preglednike, u\u010dinkovitost strukture na\u0161e lokacije te posje\u0107enost na\u0161ih stranica.)<\/p>\n<p><strong>8. Upotreba kola\u010di\u0107a (<em>Cookies<\/em>)<\/strong><br \/>\nKako bismo olak\u0161ali pregledavanje na\u0161ih internetskih stranica i web shop-a, na\u0161 poslu\u017eitelj globalne mre\u017ee koristi kola\u010di\u0107e. Radi se o jako malim tekstualnim datotekama koje poslu\u017eitelj postavlja na ra\u010dunalo korisnika u svrhu pra\u0107enja odabira pojedinih jezi\u010dnih varijanti na\u0161ih stranica, kao i prilikom ulaska na dijelove stranica koje zahtijevaju unos korisni\u010dkog imena i lozinke. Kola\u010di\u0107i se ne mogu koristiti za pokretanje programa ili postavljanje virusa na Va\u0161e ra\u010dunalo. Pregled na\u0161ih stranica mogu\u0107 je i bez uporabe kola\u010di\u0107a, ako je va\u0161 internetski preglednik tako postavljen.<\/p>\n<p><strong>9. Sigurnost podataka<\/strong><br \/>\nRadi sigurnosti podataka na ovoj adresi te kako bismo osigurali pristupa\u010dnost usluge svim korisnicima, ovaj ra\u010dunalni sustav koristi softver koji prati posjete na mre\u017ei te prepoznaje neovla\u0161tene poku\u0161aje preuzimanja ili izmjene podataka, kao i one koji bi mogli prouzro\u010diti \u0161tetu na neki drugi na\u010din. Neovla\u0161teni poku\u0161aji preuzimanja ili izmjene podataka na ovoj lokaciji strogo su zabranjeni. No, imajte na umu da niti jedan na\u010din prijenosa putem interneta ili na\u010din elektroni\u010dke pohrane nije 100% siguran i pouzdan i ne mo\u017eemo jam\u010diti svoju apsolutnu sigurnost. Cijenimo va\u0161e povjerenje u pru\u017eanju va\u0161ih osobnih podataka, stoga provodimo tehni\u010dke i organizacijske mjere, uklju\u010duju\u0107i za\u0161titu od neovla\u0161tene ili nezakonite obrade te od slu\u010dajnog gubitka, uni\u0161tenja ili o\u0161te\u0107enja, kojima osiguravamo da integriranim na\u010dinom budu obra\u0111eni s odgovaraju\u0107om razinom sigurnosti samo oni osobni podaci koji su nu\u017eni. Za\u0161tita podataka je osigurana kontrolom pristupa i regulirana kroz ugovore s istima.<\/p>\n<p><strong>10. Maloljetnici<\/strong><br \/>\nNa\u0161e usluge nisu namijenjene za djecu do 16 godina. Ne prikupljamo osobne podatke koji dolaze od djece do 16 godina. Ako otkrijemo da je dijete mla\u0111e od 16 godina dalo osobne podatke, odmah \u0107emo iz izbrisati s na\u0161ih poslu\u017eitelja. Ako ste roditelj ili skrbnik i znate da nam je va\u0161e dijete dala osobne podatke, kontaktirajte nas kako bismo mogli poduzeti potrebne radnje.<\/p>\n<p><strong>11. Koja prava imam u odnosu na moje osobne podatke?<\/strong><br \/>\nKada je to zakonski predvi\u0111eno, imate pravo na informacije o obradi Va\u0161ih osobnih podataka, povla\u010denje svoje privole u bilo koje vrijeme, ispravak ili dopunu Va\u0161ih osobnih podataka kako bi uvijek bili to\u010dni, brisanje Va\u0161ih osobnih podataka kada vi\u0161e nisu potrebni za gore navedene svrhe, prijenos Va\u0161ih osobnih podataka u strukturiranom obliku, obavijest o svakom brisanju, mijenjanju ili blokiranju podataka<br \/>\nprema tre\u0107oj strani kojoj su podaci otkriveni te podno\u0161enje prigovora STZ d.o.o. ili nadle\u017enom dr\u017eavnom tijelu.<\/p>\n<p><strong>12. Pravo na prigovor nadzornom tijelu<\/strong><br \/>\nPrigovor na obradu Va\u0161ih osobnih podataka mo\u017eete podnijeti i nadzornom tijelu Agenciji za za\u0161titu osobnih podataka, Marti\u0107eva 14, Zagreb, 00385 (0)1 4609 999, azop@azop.hr , www.azop.hr<\/p>\n<p><strong>13. Koliko dugo \u010duvamo osobne podatke?<\/strong><br \/>\nVa\u0161e podatke \u0107emo \u010duvati onoliko dugo koliko je potrebno za ostvarenje svrhe radi koje ih obra\u0111ujemo. Kriterij na temelju kojega odre\u0111ujemo razdoblje \u010duvanja osobnih podataka je upravo svrha prikupljanja i vremenski rok u kojem \u017eelite da Vam pru\u017eamo na\u0161e usluge.<\/p>\n<p><strong>14. Kako nas mo\u017eete kontaktirati?<\/strong><br \/>\nAko imate bilo kakva pitanja o kori\u0161tenju Va\u0161ih osobnih podataka, mo\u017eete nas kontaktirati telefonom, mailom ili po\u0161tom kako slijedi:<br \/>\n\u2022Telefon:+385914440370<br \/>\n\u2022E-mail:prodaja@stz.com.hr<br \/>\n\u2022 pisanim putem na adresu: STZ d.o.o., A.B. \u0160imi\u0107a 12, 21000 Split<br \/>\n\u2022 putem web obrasca koji se nalazi na www.stz.com.hr<\/p>\n<p><strong>15. Koliko \u010desto a\u017euriramo ove Informacije o kori\u0161tenju osobnih podataka?<\/strong><br \/>\nInformacije o kori\u0161tenju osobnih podataka a\u017euriramo redovno, a najnovija verzija je uvijek dostupna na na\u0161im stranicama www.stz.hr. Ako do\u0111e do va\u017enijih promjena koje utje\u010du na Vas, obavijestit \u0107emo vas izravno. Potvr\u0111ujem da sam upoznat\/ta sa svim relevantnim informacijama o STZ d.o.o. i uslugama koje pru\u017ea. Ovime dajem izri\u010ditu privolu STZ d.o.o. da prikuplja i dalje obra\u0111uje moje osobne podatke, kao i sve druge podatke za koje sazna pru\u017eanjem svojih usluga sukladno zakonskim propisima, a sve u skladu s definiranom svrhom.<\/p>\n","protected":false},"excerpt":{"rendered":"<p>Politika privatnosti i uvjeti kori\u0161tenja osobnih podataka te op\u0107i uvjeti kori\u0161tenja Mi, STZ d.o.o., A.B. \u0160imi\u0107a 12, 21000 Split, OIB:<\/p>\n","protected":false},"author":1,"featured_media":0,"parent":0,"menu_order":0,"comment_status":"closed","ping_status":"closed","template":"","meta":{"footnotes":""},"class_list":["post-115","page","type-page","status-publish","hentry"],"_links":{"self":[{"href":"https:\/\/stz.com.hr\/webshop\/wp-json\/wp\/v2\/pages\/115","targetHints":{"allow":["GET"]}}],"collection":[{"href":"https:\/\/stz.com.hr\/webshop\/wp-json\/wp\/v2\/pages"}],"about":[{"href":"https:\/\/stz.com.hr\/webshop\/wp-json\/wp\/v2\/types\/page"}],"author":[{"embeddable":true,"href":"https:\/\/stz.com.hr\/webshop\/wp-json\/wp\/v2\/users\/1"}],"replies":[{"embeddable":true,"href":"https:\/\/stz.com.hr\/webshop\/wp-json\/wp\/v2\/comments?post=115"}],"version-history":[{"count":6,"href":"https:\/\/stz.com.hr\/webshop\/wp-json\/wp\/v2\/pages\/115\/revisions"}],"predecessor-version":[{"id":1444,"href":"https:\/\/stz.com.hr\/webshop\/wp-json\/wp\/v2\/pages\/115\/revisions\/1444"}],"wp:attachment":[{"href":"https:\/\/stz.com.hr\/webshop\/wp-json\/wp\/v2\/media?parent=115"}],"curies":[{"name":"wp","href":"https:\/\/api.w.org\/{rel}","templated":true}]}}